{"id":6500,"date":"2023-12-06T00:19:09","date_gmt":"2023-12-05T23:19:09","guid":{"rendered":"https:\/\/koerperkunst-krefeld.de\/?page_id=6500"},"modified":"2023-12-06T09:37:42","modified_gmt":"2023-12-06T08:37:42","slug":"massageoele","status":"publish","type":"page","link":"https:\/\/koerperkunst-krefeld.de\/en\/massageoele","title":{"rendered":"Massage\u00f6le"},"content":{"rendered":"<div data-elementor-type=\"wp-page\" data-elementor-id=\"6500\" class=\"elementor elementor-6500\">\n\t\t\t\t\t\t<section class=\"elementor-section elementor-top-section elementor-element elementor-element-3c0e6669 elementor-section-full_width bg-light-3 elementor-section-stretched elementor-section-height-default elementor-section-height-default\" data-id=\"3c0e6669\" data-element_type=\"section\" data-settings=\"{&quot;stretch_section&quot;:&quot;section-stretched&quot;}\">\n\t\t\t\t\t\t<div class=\"elementor-container elementor-column-gap-no\">\n\t\t\t\t\t<div class=\"elementor-column elementor-col-100 elementor-top-column elementor-element elementor-element-3d65ea10\" data-id=\"3d65ea10\" data-element_type=\"column\">\n\t\t\t<div class=\"elementor-widget-wrap elementor-element-populated\">\n\t\t\t\t\t\t<section class=\"elementor-section elementor-inner-section elementor-element elementor-element-6f5f516e elementor-section-boxed elementor-section-height-default elementor-section-height-default\" data-id=\"6f5f516e\" data-element_type=\"section\">\n\t\t\t\t\t\t<div class=\"elementor-container elementor-column-gap-no\">\n\t\t\t\t\t<div class=\"elementor-column elementor-col-100 elementor-inner-column elementor-element elementor-element-62a2eb8a\" data-id=\"62a2eb8a\" data-element_type=\"column\">\n\t\t\t<div class=\"elementor-widget-wrap elementor-element-populated\">\n\t\t\t\t\t\t<div class=\"elementor-element elementor-element-2684569 elementor-widget elementor-widget-wellnezsectiontitle\" data-id=\"2684569\" data-element_type=\"widget\" data-widget_type=\"wellnezsectiontitle.default\">\n\t\t\t\t<div class=\"elementor-widget-container\">\n\t\t\t\t\t<!-- Section Title --><div class=\"title-area\" ><span class=\"sec-subtitle\">nicht nur lecker, sondern auch\nwohltuend!<\/span><h2 class=\"sec-title3 title-selector h1\">Unsere Massage\u00f6le<\/h2><p class=\"desc\">*Unsere Kunden haben die Auswahl aus verschiedenen Bio-Basis\u00f6len\nwie z.B. Oliven\u00f6l, Avocado\u00f6l, Traubenkern\u00f6l, Hanf\u00f6l, Lein\u00f6l,\nAprikosenkern\u00f6l &amp; Marien-Distel\u00f6l. Kominierbar mit sinnlichen\nAroma\u00f6len.<\/p><\/div><!-- End Section Title -->\t\t\t\t<\/div>\n\t\t\t\t<\/div>\n\t\t\t\t\t<\/div>\n\t\t<\/div>\n\t\t\t\t\t<\/div>\n\t\t<\/section>\n\t\t\t\t<section class=\"elementor-section elementor-inner-section elementor-element elementor-element-561807a elementor-section-boxed elementor-section-height-default elementor-section-height-default\" data-id=\"561807a\" data-element_type=\"section\">\n\t\t\t\t\t\t<div class=\"elementor-container elementor-column-gap-no\">\n\t\t\t\t\t<div class=\"elementor-column elementor-col-33 elementor-inner-column elementor-element elementor-element-15fedb7\" data-id=\"15fedb7\" data-element_type=\"column\">\n\t\t\t<div class=\"elementor-widget-wrap elementor-element-populated\">\n\t\t\t\t\t\t<div class=\"elementor-element elementor-element-a5c9470 elementor-widget elementor-widget-wellnezservicebox\" data-id=\"a5c9470\" data-element_type=\"widget\" data-widget_type=\"wellnezservicebox.default\">\n\t\t\t\t<div class=\"elementor-widget-container\">\n\t\t\t\t\t<div class=\"service-style2 service-align-wrapper\"><div class=\"service-img\"><img decoding=\"async\" src=\"https:\/\/koerperkunst-krefeld.de\/wp-content\/uploads\/2023\/12\/Bio-Hanfoel.jpeg\" alt=\"K\u00f6rperkunst - Bio Hanf\u00f6l\"  \/><\/div><div class=\"service-content\"><div class=\"service-shape\" data-bg-src=\"\"><\/div><h3 class=\"service-title h5\"><a href=\"\">Bio Hanf\u00f6l<\/a><\/h3><p class=\"service-text\">Reich an Omega-3 und Omega-6 Fetts\u00e4uren\nEntz\u00fcndungshemmende Eigenschaften\nUnterst\u00fctzt die Regeneration der Haut\nFeuchtigkeitsspendend und beruhigend<\/p><\/div><\/div>\t\t\t\t<\/div>\n\t\t\t\t<\/div>\n\t\t\t\t\t<\/div>\n\t\t<\/div>\n\t\t\t\t<div class=\"elementor-column elementor-col-33 elementor-inner-column elementor-element elementor-element-3c2e110\" data-id=\"3c2e110\" data-element_type=\"column\">\n\t\t\t<div class=\"elementor-widget-wrap elementor-element-populated\">\n\t\t\t\t\t\t<div class=\"elementor-element elementor-element-4fd0596 elementor-widget elementor-widget-wellnezservicebox\" data-id=\"4fd0596\" data-element_type=\"widget\" data-widget_type=\"wellnezservicebox.default\">\n\t\t\t\t<div class=\"elementor-widget-container\">\n\t\t\t\t\t<div class=\"service-style2 service-align-wrapper\"><div class=\"service-img\"><img decoding=\"async\" src=\"https:\/\/koerperkunst-krefeld.de\/wp-content\/uploads\/2023\/12\/Bio-Traubenkernoel.jpeg\" alt=\"K\u00f6rperkunst - Bio Traubenkern\u00f6l\"  \/><\/div><div class=\"service-content\"><div class=\"service-shape\" data-bg-src=\"\"><\/div><h3 class=\"service-title h5\"><a href=\"\">Bio Traubenkern\u00f6l<\/a><\/h3><p class=\"service-text\">Hoher Gehalt an Antioxidantien\nSch\u00fctzt vor freien Radikalen und Umweltsch\u00e4den\nStrafft die Haut und reduziert Falten\nLeichtes, nicht fettendes \u00d6l<\/p><\/div><\/div>\t\t\t\t<\/div>\n\t\t\t\t<\/div>\n\t\t\t\t\t<\/div>\n\t\t<\/div>\n\t\t\t\t<div class=\"elementor-column elementor-col-33 elementor-inner-column elementor-element elementor-element-ef6c70f\" data-id=\"ef6c70f\" data-element_type=\"column\">\n\t\t\t<div class=\"elementor-widget-wrap elementor-element-populated\">\n\t\t\t\t\t\t<div class=\"elementor-element elementor-element-4bd9e56 elementor-widget elementor-widget-wellnezservicebox\" data-id=\"4bd9e56\" data-element_type=\"widget\" data-widget_type=\"wellnezservicebox.default\">\n\t\t\t\t<div class=\"elementor-widget-container\">\n\t\t\t\t\t<div class=\"service-style2 service-align-wrapper\"><div class=\"service-img\"><img decoding=\"async\" src=\"https:\/\/koerperkunst-krefeld.de\/wp-content\/uploads\/2023\/12\/Bio-Mandeloel.jpeg\" alt=\"K\u00f6rperkunst - Bio Mandel\u00f6l\"  \/><\/div><div class=\"service-content\"><div class=\"service-shape\" data-bg-src=\"\"><\/div><h3 class=\"service-title h5\"><a href=\"\">Bio Mandel\u00f6l<\/a><\/h3><p class=\"service-text\">Reich an Vitamin E und unges\u00e4ttigten Fetts\u00e4uren\nPflegt trockene und sensible Haut\nBeruhigt gereizte Haut und lindert Juckreiz\nUnterst\u00fctzt die Elastizit\u00e4t der Haut<\/p><\/div><\/div>\t\t\t\t<\/div>\n\t\t\t\t<\/div>\n\t\t\t\t\t<\/div>\n\t\t<\/div>\n\t\t\t\t\t<\/div>\n\t\t<\/section>\n\t\t\t\t<section class=\"elementor-section elementor-inner-section elementor-element elementor-element-c32d937 elementor-section-boxed elementor-section-height-default elementor-section-height-default\" data-id=\"c32d937\" data-element_type=\"section\">\n\t\t\t\t\t\t<div class=\"elementor-container elementor-column-gap-no\">\n\t\t\t\t\t<div class=\"elementor-column elementor-col-33 elementor-inner-column elementor-element elementor-element-b70d0dd\" data-id=\"b70d0dd\" data-element_type=\"column\">\n\t\t\t<div class=\"elementor-widget-wrap elementor-element-populated\">\n\t\t\t\t\t\t<div class=\"elementor-element elementor-element-cf41e17 elementor-widget elementor-widget-wellnezservicebox\" data-id=\"cf41e17\" data-element_type=\"widget\" data-widget_type=\"wellnezservicebox.default\">\n\t\t\t\t<div class=\"elementor-widget-container\">\n\t\t\t\t\t<div class=\"service-style2 service-align-wrapper\"><div class=\"service-img\"><img decoding=\"async\" src=\"https:\/\/koerperkunst-krefeld.de\/wp-content\/uploads\/2023\/12\/Bio-Aprikosenkernoel-Bio-Mariendisteloel-Bio-Leinoel.jpeg\" alt=\"K\u00f6rperkunst - Bio Mariendistel\u00f6l, Bio Aprikosenkern\u00f6l, Lein\u00f6l\"  \/><\/div><div class=\"service-content\"><div class=\"service-shape\" data-bg-src=\"\"><\/div><h3 class=\"service-title h5\"><a href=\"\">Bio Mariendistel\u00f6l<\/a><\/h3><p class=\"service-text\">Entgiftende Wirkung auf den K\u00f6rper\nSch\u00fctzt die Leber vor Sch\u00e4den durch Toxine\nUnterst\u00fctzt die Verdauung und den Stoffwechsel\nVerbessert das Hautbild bei Akne oder Ekzemen<\/p><\/div><\/div>\t\t\t\t<\/div>\n\t\t\t\t<\/div>\n\t\t\t\t\t<\/div>\n\t\t<\/div>\n\t\t\t\t<div class=\"elementor-column elementor-col-33 elementor-inner-column elementor-element elementor-element-1ac7d8c\" data-id=\"1ac7d8c\" data-element_type=\"column\">\n\t\t\t<div class=\"elementor-widget-wrap elementor-element-populated\">\n\t\t\t\t\t\t<div class=\"elementor-element elementor-element-e037f86 elementor-widget elementor-widget-wellnezservicebox\" data-id=\"e037f86\" data-element_type=\"widget\" data-widget_type=\"wellnezservicebox.default\">\n\t\t\t\t<div class=\"elementor-widget-container\">\n\t\t\t\t\t<div class=\"service-style2 service-align-wrapper\"><div class=\"service-img\"><img decoding=\"async\" src=\"https:\/\/koerperkunst-krefeld.de\/wp-content\/uploads\/2023\/12\/Bio-Aprikosenkernoel-Bio-Mariendisteloel-Bio-Leinoel.jpeg\" alt=\"K\u00f6rperkunst - Bio Mariendistel\u00f6l, Bio Aprikosenkern\u00f6l, Lein\u00f6l\"  \/><\/div><div class=\"service-content\"><div class=\"service-shape\" data-bg-src=\"\"><\/div><h3 class=\"service-title h5\"><a href=\"\">Bio Aprikosenkern\u00f6l<\/a><\/h3><p class=\"service-text\">Reich an Vitamin A und E\nN\u00e4hrt trockene und reife Haut intensiv\nF\u00f6rdert die Zellerneuerung und strafft die Haut\nWirkt beruhigend bei gereizter oder entz\u00fcndeter Haut<\/p><\/div><\/div>\t\t\t\t<\/div>\n\t\t\t\t<\/div>\n\t\t\t\t\t<\/div>\n\t\t<\/div>\n\t\t\t\t<div class=\"elementor-column elementor-col-33 elementor-inner-column elementor-element elementor-element-f07b7a1\" data-id=\"f07b7a1\" data-element_type=\"column\">\n\t\t\t<div class=\"elementor-widget-wrap elementor-element-populated\">\n\t\t\t\t\t\t<div class=\"elementor-element elementor-element-75e3f0c elementor-widget elementor-widget-wellnezservicebox\" data-id=\"75e3f0c\" data-element_type=\"widget\" data-widget_type=\"wellnezservicebox.default\">\n\t\t\t\t<div class=\"elementor-widget-container\">\n\t\t\t\t\t<div class=\"service-style2 service-align-wrapper\"><div class=\"service-img\"><img decoding=\"async\" src=\"https:\/\/koerperkunst-krefeld.de\/wp-content\/uploads\/2023\/12\/Bio-Aprikosenkernoel-Bio-Mariendisteloel-Bio-Leinoel.jpeg\" alt=\"K\u00f6rperkunst - Bio Mariendistel\u00f6l, Bio Aprikosenkern\u00f6l, Lein\u00f6l\"  \/><\/div><div class=\"service-content\"><div class=\"service-shape\" data-bg-src=\"\"><\/div><h3 class=\"service-title h5\"><a href=\"\">Bio Lein\u00f6l<\/a><\/h3><p class=\"service-text\">Reich an Vitamin E und unges\u00e4ttigten Fetts\u00e4uren\nPflegt trockene und sensible Haut\nBeruhigt gereizte Haut und lindert Juckreiz\nUnterst\u00fctzt die Elastizit\u00e4t der Haut<\/p><\/div><\/div>\t\t\t\t<\/div>\n\t\t\t\t<\/div>\n\t\t\t\t\t<\/div>\n\t\t<\/div>\n\t\t\t\t\t<\/div>\n\t\t<\/section>\n\t\t\t\t<section class=\"elementor-section elementor-inner-section elementor-element elementor-element-9aa8c11 elementor-section-boxed elementor-section-height-default elementor-section-height-default\" data-id=\"9aa8c11\" data-element_type=\"section\">\n\t\t\t\t\t\t<div class=\"elementor-container elementor-column-gap-no\">\n\t\t\t\t\t<div class=\"elementor-column elementor-col-33 elementor-inner-column elementor-element elementor-element-656c1d5\" data-id=\"656c1d5\" data-element_type=\"column\">\n\t\t\t<div class=\"elementor-widget-wrap elementor-element-populated\">\n\t\t\t\t\t\t<div class=\"elementor-element elementor-element-3e10918 elementor-widget elementor-widget-wellnezservicebox\" data-id=\"3e10918\" data-element_type=\"widget\" data-widget_type=\"wellnezservicebox.default\">\n\t\t\t\t<div class=\"elementor-widget-container\">\n\t\t\t\t\t<div class=\"service-style2 service-align-wrapper\"><div class=\"service-img\"><img decoding=\"async\" src=\"https:\/\/koerperkunst-krefeld.de\/wp-content\/uploads\/2023\/12\/Bio-Olivenoel.jpeg\" alt=\"K\u00f6rperkunst - Bio Oliven\u00f6l\"  \/><\/div><div class=\"service-content\"><div class=\"service-shape\" data-bg-src=\"\"><\/div><h3 class=\"service-title h5\"><a href=\"\">Bio Oliven\u00f6l<\/a><\/h3><p class=\"service-text\">Enth\u00e4lt viele Antioxidantien wie Vitamin E und Polyphenole\nSch\u00fctzt vor vorzeitiger Hautalterung\nSpendet Feuchtigkeit und pflegt trockene Haut intensiv\nWirkt entz\u00fcndungshemmend und antibakteriell<\/p><\/div><\/div>\t\t\t\t<\/div>\n\t\t\t\t<\/div>\n\t\t\t\t\t<\/div>\n\t\t<\/div>\n\t\t\t\t<div class=\"elementor-column elementor-col-33 elementor-inner-column elementor-element elementor-element-6387787\" data-id=\"6387787\" data-element_type=\"column\">\n\t\t\t<div class=\"elementor-widget-wrap elementor-element-populated\">\n\t\t\t\t\t\t<div class=\"elementor-element elementor-element-f5744b5 elementor-widget elementor-widget-wellnezservicebox\" data-id=\"f5744b5\" data-element_type=\"widget\" data-widget_type=\"wellnezservicebox.default\">\n\t\t\t\t<div class=\"elementor-widget-container\">\n\t\t\t\t\t<div class=\"service-style2 service-align-wrapper\"><div class=\"service-img\"><img decoding=\"async\" src=\"https:\/\/koerperkunst-krefeld.de\/wp-content\/uploads\/2023\/12\/Bio-Avocadooel.jpeg\" alt=\"K\u00f6rperkunst - Bio Avocado\u00f6l\"  \/><\/div><div class=\"service-content\"><div class=\"service-shape\" data-bg-src=\"\"><\/div><h3 class=\"service-title h5\"><a href=\"\">Bio Avocado\u00f6l<\/a><\/h3><p class=\"service-text\">Reich an Vitaminen (A, D, E) und unges\u00e4ttigten Fetts\u00e4uren\nN\u00e4hrt und regeneriert trockene oder gesch\u00e4digte Haut\nUnterst\u00fctzt die Kollagenproduktion und strafft die Haut\nWirkt entz\u00fcndungshemmend und beruhigend<\/p><\/div><\/div>\t\t\t\t<\/div>\n\t\t\t\t<\/div>\n\t\t\t\t\t<\/div>\n\t\t<\/div>\n\t\t\t\t<div class=\"elementor-column elementor-col-33 elementor-inner-column elementor-element elementor-element-3a8d7d5\" data-id=\"3a8d7d5\" data-element_type=\"column\">\n\t\t\t<div class=\"elementor-widget-wrap elementor-element-populated\">\n\t\t\t\t\t\t<div class=\"elementor-element elementor-element-27a349d elementor-widget elementor-widget-wellnezservicebox\" data-id=\"27a349d\" data-element_type=\"widget\" data-widget_type=\"wellnezservicebox.default\">\n\t\t\t\t<div class=\"elementor-widget-container\">\n\t\t\t\t\t<div class=\"service-style2 service-align-wrapper\"><div class=\"service-img\"><\/div><div class=\"service-content\"><div class=\"service-shape\" data-bg-src=\"\"><\/div><h3 class=\"service-title h5\"><a href=\"\">Weitere Zusatzleistungen:<\/a><\/h3><p class=\"service-text\">Duschen Vor und \/oder Nach der Massageanwendung!<\/p><\/div><\/div>\t\t\t\t<\/div>\n\t\t\t\t<\/div>\n\t\t\t\t\t<\/div>\n\t\t<\/div>\n\t\t\t\t\t<\/div>\n\t\t<\/section>\n\t\t\t\t\t<\/div>\n\t\t<\/div>\n\t\t\t\t\t<\/div>\n\t\t<\/section>\n\t\t\t\t<\/div>","protected":false},"excerpt":{"rendered":"<p>nicht nur lecker, sondern auch wohltuend! Unsere Massage\u00f6le *Unsere Kunden haben die Auswahl aus verschiedenen Bio-Basis\u00f6len wie z.B. Oliven\u00f6l, Avocado\u00f6l, Traubenkern\u00f6l, Hanf\u00f6l, Lein\u00f6l, Aprikosenkern\u00f6l &amp; Marien-Distel\u00f6l. Kominierbar mit sinnlichen Aroma\u00f6len. Bio Hanf\u00f6l Reich an Omega-3 und Omega-6 Fetts\u00e4uren Entz\u00fcndungshemmende Eigenschaften Unterst\u00fctzt die Regeneration der Haut Feuchtigkeitsspendend und beruhigend Bio Traubenkern\u00f6l Hoher Gehalt an Antioxidantien Sch\u00fctzt&#8230;<\/p>","protected":false},"author":2,"featured_media":0,"parent":0,"menu_order":0,"comment_status":"closed","ping_status":"closed","template":"template-builder.php","meta":{"footnotes":""},"class_list":["post-6500","page","type-page","status-publish","hentry"],"yoast_head":"<!-- This site is optimized with the Yoast SEO plugin v26.5 - https:\/\/yoast.com\/wordpress\/plugins\/seo\/ -->\n<title>Massage\u00f6le - K\u00f6rperkunst Krefeld<\/title>\n<meta name=\"description\" content=\"Willkommen im Massagestudio &quot;K\u00f6rperkunst&quot;! Bei uns steht die k\u00fcnstlerische Freiheit beim Massieren imMittelpunkt. Wir glauben daran, dass jede Massage eine einzigartigeKunstform ist, bei der der Masseur seine F\u00e4higkeiten und Kreativit\u00e4teinsetzen kann, um ein unvergessliches Erlebnis zu schaffen.\" \/>\n<meta name=\"robots\" content=\"index, follow, max-snippet:-1, max-image-preview:large, max-video-preview:-1\" \/>\n<link rel=\"canonical\" href=\"https:\/\/koerperkunst-krefeld.de\/en\/massageoele\/\" \/>\n<meta property=\"og:locale\" content=\"en_US\" \/>\n<meta property=\"og:type\" content=\"article\" \/>\n<meta property=\"og:title\" content=\"Massage\u00f6le - K\u00f6rperkunst Krefeld\" \/>\n<meta property=\"og:description\" content=\"Willkommen im Massagestudio &quot;K\u00f6rperkunst&quot;! Bei uns steht die k\u00fcnstlerische Freiheit beim Massieren imMittelpunkt. Wir glauben daran, dass jede Massage eine einzigartigeKunstform ist, bei der der Masseur seine F\u00e4higkeiten und Kreativit\u00e4teinsetzen kann, um ein unvergessliches Erlebnis zu schaffen.\" \/>\n<meta property=\"og:url\" content=\"https:\/\/koerperkunst-krefeld.de\/en\/massageoele\/\" \/>\n<meta property=\"og:site_name\" content=\"K\u00f6rperkunst Krefeld\" \/>\n<meta property=\"article:publisher\" content=\"https:\/\/www.facebook.com\/koerperkunstkrefeld\" \/>\n<meta property=\"article:modified_time\" content=\"2023-12-06T08:37:42+00:00\" \/>\n<meta property=\"og:image\" content=\"https:\/\/koerperkunst-krefeld.de\/wp-content\/uploads\/2023\/12\/Bio-Hanfoel.jpeg\" \/>\n<meta name=\"twitter:card\" content=\"summary_large_image\" \/>\n<meta name=\"twitter:label1\" content=\"Est. reading time\" \/>\n\t<meta name=\"twitter:data1\" content=\"3 minutes\" \/>\n<script type=\"application\/ld+json\" class=\"yoast-schema-graph\">{\"@context\":\"https:\/\/schema.org\",\"@graph\":[{\"@type\":\"WebPage\",\"@id\":\"https:\/\/koerperkunst-krefeld.de\/massageoele\",\"url\":\"https:\/\/koerperkunst-krefeld.de\/massageoele\",\"name\":\"Massage\u00f6le - K\u00f6rperkunst Krefeld\",\"isPartOf\":{\"@id\":\"https:\/\/koerperkunst-krefeld.de\/#website\"},\"primaryImageOfPage\":{\"@id\":\"https:\/\/koerperkunst-krefeld.de\/massageoele#primaryimage\"},\"image\":{\"@id\":\"https:\/\/koerperkunst-krefeld.de\/massageoele#primaryimage\"},\"thumbnailUrl\":\"https:\/\/koerperkunst-krefeld.de\/wp-content\/uploads\/2023\/12\/Bio-Hanfoel.jpeg\",\"datePublished\":\"2023-12-05T23:19:09+00:00\",\"dateModified\":\"2023-12-06T08:37:42+00:00\",\"description\":\"Willkommen im Massagestudio \\\"K\u00f6rperkunst\\\"! Bei uns steht die k\u00fcnstlerische Freiheit beim Massieren imMittelpunkt. Wir glauben daran, dass jede Massage eine einzigartigeKunstform ist, bei der der Masseur seine F\u00e4higkeiten und Kreativit\u00e4teinsetzen kann, um ein unvergessliches Erlebnis zu schaffen.\",\"breadcrumb\":{\"@id\":\"https:\/\/koerperkunst-krefeld.de\/massageoele#breadcrumb\"},\"inLanguage\":\"en-US\",\"potentialAction\":[{\"@type\":\"ReadAction\",\"target\":[\"https:\/\/koerperkunst-krefeld.de\/massageoele\"]}]},{\"@type\":\"ImageObject\",\"inLanguage\":\"en-US\",\"@id\":\"https:\/\/koerperkunst-krefeld.de\/massageoele#primaryimage\",\"url\":\"https:\/\/koerperkunst-krefeld.de\/wp-content\/uploads\/2023\/12\/Bio-Hanfoel.jpeg\",\"contentUrl\":\"https:\/\/koerperkunst-krefeld.de\/wp-content\/uploads\/2023\/12\/Bio-Hanfoel.jpeg\"},{\"@type\":\"BreadcrumbList\",\"@id\":\"https:\/\/koerperkunst-krefeld.de\/massageoele#breadcrumb\",\"itemListElement\":[{\"@type\":\"ListItem\",\"position\":1,\"name\":\"Startseite\",\"item\":\"https:\/\/koerperkunst-krefeld.de\/\"},{\"@type\":\"ListItem\",\"position\":2,\"name\":\"Massage\u00f6le\"}]},{\"@type\":\"WebSite\",\"@id\":\"https:\/\/koerperkunst-krefeld.de\/#website\",\"url\":\"https:\/\/koerperkunst-krefeld.de\/\",\"name\":\"k\u00f6rperkunst Massage & Wellness\",\"description\":\"Massage &amp; Wellness\",\"publisher\":{\"@id\":\"https:\/\/koerperkunst-krefeld.de\/#organization\"},\"potentialAction\":[{\"@type\":\"SearchAction\",\"target\":{\"@type\":\"EntryPoint\",\"urlTemplate\":\"https:\/\/koerperkunst-krefeld.de\/?s={search_term_string}\"},\"query-input\":{\"@type\":\"PropertyValueSpecification\",\"valueRequired\":true,\"valueName\":\"search_term_string\"}}],\"inLanguage\":\"en-US\"},{\"@type\":\"Organization\",\"@id\":\"https:\/\/koerperkunst-krefeld.de\/#organization\",\"name\":\"k\u00f6rperkunst Massage & Wellness\",\"url\":\"https:\/\/koerperkunst-krefeld.de\/\",\"logo\":{\"@type\":\"ImageObject\",\"inLanguage\":\"en-US\",\"@id\":\"https:\/\/koerperkunst-krefeld.de\/#\/schema\/logo\/image\/\",\"url\":\"https:\/\/koerperkunst-krefeld.de\/wp-content\/uploads\/2023\/10\/koerperkunst-krefeld-logo-gruen.jpg\",\"contentUrl\":\"https:\/\/koerperkunst-krefeld.de\/wp-content\/uploads\/2023\/10\/koerperkunst-krefeld-logo-gruen.jpg\",\"width\":512,\"height\":518,\"caption\":\"k\u00f6rperkunst Massage & Wellness\"},\"image\":{\"@id\":\"https:\/\/koerperkunst-krefeld.de\/#\/schema\/logo\/image\/\"},\"sameAs\":[\"https:\/\/www.facebook.com\/koerperkunstkrefeld\",\"https:\/\/www.instagram.com\/koerperkunst_krefeld.de\/\"]}]}<\/script>\n<!-- \/ Yoast SEO plugin. -->","yoast_head_json":{"title":"Massage\u00f6le - K\u00f6rperkunst Krefeld","description":"Willkommen im Massagestudio \"K\u00f6rperkunst\"! Bei uns steht die k\u00fcnstlerische Freiheit beim Massieren imMittelpunkt. Wir glauben daran, dass jede Massage eine einzigartigeKunstform ist, bei der der Masseur seine F\u00e4higkeiten und Kreativit\u00e4teinsetzen kann, um ein unvergessliches Erlebnis zu schaffen.","robots":{"index":"index","follow":"follow","max-snippet":"max-snippet:-1","max-image-preview":"max-image-preview:large","max-video-preview":"max-video-preview:-1"},"canonical":"https:\/\/koerperkunst-krefeld.de\/en\/massageoele\/","og_locale":"en_US","og_type":"article","og_title":"Massage\u00f6le - K\u00f6rperkunst Krefeld","og_description":"Willkommen im Massagestudio \"K\u00f6rperkunst\"! Bei uns steht die k\u00fcnstlerische Freiheit beim Massieren imMittelpunkt. Wir glauben daran, dass jede Massage eine einzigartigeKunstform ist, bei der der Masseur seine F\u00e4higkeiten und Kreativit\u00e4teinsetzen kann, um ein unvergessliches Erlebnis zu schaffen.","og_url":"https:\/\/koerperkunst-krefeld.de\/en\/massageoele\/","og_site_name":"K\u00f6rperkunst Krefeld","article_publisher":"https:\/\/www.facebook.com\/koerperkunstkrefeld","article_modified_time":"2023-12-06T08:37:42+00:00","og_image":[{"url":"https:\/\/koerperkunst-krefeld.de\/wp-content\/uploads\/2023\/12\/Bio-Hanfoel.jpeg","type":"","width":"","height":""}],"twitter_card":"summary_large_image","twitter_misc":{"Est. reading time":"3 minutes"},"schema":{"@context":"https:\/\/schema.org","@graph":[{"@type":"WebPage","@id":"https:\/\/koerperkunst-krefeld.de\/massageoele","url":"https:\/\/koerperkunst-krefeld.de\/massageoele","name":"Massage\u00f6le - K\u00f6rperkunst Krefeld","isPartOf":{"@id":"https:\/\/koerperkunst-krefeld.de\/#website"},"primaryImageOfPage":{"@id":"https:\/\/koerperkunst-krefeld.de\/massageoele#primaryimage"},"image":{"@id":"https:\/\/koerperkunst-krefeld.de\/massageoele#primaryimage"},"thumbnailUrl":"https:\/\/koerperkunst-krefeld.de\/wp-content\/uploads\/2023\/12\/Bio-Hanfoel.jpeg","datePublished":"2023-12-05T23:19:09+00:00","dateModified":"2023-12-06T08:37:42+00:00","description":"Willkommen im Massagestudio \"K\u00f6rperkunst\"! Bei uns steht die k\u00fcnstlerische Freiheit beim Massieren imMittelpunkt. Wir glauben daran, dass jede Massage eine einzigartigeKunstform ist, bei der der Masseur seine F\u00e4higkeiten und Kreativit\u00e4teinsetzen kann, um ein unvergessliches Erlebnis zu schaffen.","breadcrumb":{"@id":"https:\/\/koerperkunst-krefeld.de\/massageoele#breadcrumb"},"inLanguage":"en-US","potentialAction":[{"@type":"ReadAction","target":["https:\/\/koerperkunst-krefeld.de\/massageoele"]}]},{"@type":"ImageObject","inLanguage":"en-US","@id":"https:\/\/koerperkunst-krefeld.de\/massageoele#primaryimage","url":"https:\/\/koerperkunst-krefeld.de\/wp-content\/uploads\/2023\/12\/Bio-Hanfoel.jpeg","contentUrl":"https:\/\/koerperkunst-krefeld.de\/wp-content\/uploads\/2023\/12\/Bio-Hanfoel.jpeg"},{"@type":"BreadcrumbList","@id":"https:\/\/koerperkunst-krefeld.de\/massageoele#breadcrumb","itemListElement":[{"@type":"ListItem","position":1,"name":"Startseite","item":"https:\/\/koerperkunst-krefeld.de\/"},{"@type":"ListItem","position":2,"name":"Massage\u00f6le"}]},{"@type":"WebSite","@id":"https:\/\/koerperkunst-krefeld.de\/#website","url":"https:\/\/koerperkunst-krefeld.de\/","name":"k\u00f6rperkunst Massage & Wellness","description":"Massage &amp; Wellness","publisher":{"@id":"https:\/\/koerperkunst-krefeld.de\/#organization"},"potentialAction":[{"@type":"SearchAction","target":{"@type":"EntryPoint","urlTemplate":"https:\/\/koerperkunst-krefeld.de\/?s={search_term_string}"},"query-input":{"@type":"PropertyValueSpecification","valueRequired":true,"valueName":"search_term_string"}}],"inLanguage":"en-US"},{"@type":"Organization","@id":"https:\/\/koerperkunst-krefeld.de\/#organization","name":"k\u00f6rperkunst Massage & Wellness","url":"https:\/\/koerperkunst-krefeld.de\/","logo":{"@type":"ImageObject","inLanguage":"en-US","@id":"https:\/\/koerperkunst-krefeld.de\/#\/schema\/logo\/image\/","url":"https:\/\/koerperkunst-krefeld.de\/wp-content\/uploads\/2023\/10\/koerperkunst-krefeld-logo-gruen.jpg","contentUrl":"https:\/\/koerperkunst-krefeld.de\/wp-content\/uploads\/2023\/10\/koerperkunst-krefeld-logo-gruen.jpg","width":512,"height":518,"caption":"k\u00f6rperkunst Massage & Wellness"},"image":{"@id":"https:\/\/koerperkunst-krefeld.de\/#\/schema\/logo\/image\/"},"sameAs":["https:\/\/www.facebook.com\/koerperkunstkrefeld","https:\/\/www.instagram.com\/koerperkunst_krefeld.de\/"]}]}},"_links":{"self":[{"href":"https:\/\/koerperkunst-krefeld.de\/en\/wp-json\/wp\/v2\/pages\/6500","targetHints":{"allow":["GET"]}}],"collection":[{"href":"https:\/\/koerperkunst-krefeld.de\/en\/wp-json\/wp\/v2\/pages"}],"about":[{"href":"https:\/\/koerperkunst-krefeld.de\/en\/wp-json\/wp\/v2\/types\/page"}],"author":[{"embeddable":true,"href":"https:\/\/koerperkunst-krefeld.de\/en\/wp-json\/wp\/v2\/users\/2"}],"replies":[{"embeddable":true,"href":"https:\/\/koerperkunst-krefeld.de\/en\/wp-json\/wp\/v2\/comments?post=6500"}],"version-history":[{"count":28,"href":"https:\/\/koerperkunst-krefeld.de\/en\/wp-json\/wp\/v2\/pages\/6500\/revisions"}],"predecessor-version":[{"id":6603,"href":"https:\/\/koerperkunst-krefeld.de\/en\/wp-json\/wp\/v2\/pages\/6500\/revisions\/6603"}],"wp:attachment":[{"href":"https:\/\/koerperkunst-krefeld.de\/en\/wp-json\/wp\/v2\/media?parent=6500"}],"curies":[{"name":"wp","href":"https:\/\/api.w.org\/{rel}","templated":true}]}}