{"id":5992,"date":"2023-10-01T15:21:35","date_gmt":"2023-10-01T13:21:35","guid":{"rendered":"https:\/\/koerperkunst-krefeld.de\/?page_id=5992"},"modified":"2026-02-01T16:56:29","modified_gmt":"2026-02-01T15:56:29","slug":"impressum","status":"publish","type":"page","link":"https:\/\/koerperkunst-krefeld.de\/en\/impressum","title":{"rendered":"Impressum"},"content":{"rendered":"<p>Angaben gem\u00e4\u00df \u00a7 5 TMG<br>K\u00f6rperkunst Krefeld<br><a rel=\"noreferrer noopener\" href=\"https:\/\/maps.app.goo.gl\/e69GtgsHuNgm6Mgd6\" target=\"_blank\">K\u00f6lner Str. 605<\/a><br><a rel=\"noreferrer noopener\" href=\"https:\/\/maps.app.goo.gl\/e69GtgsHuNgm6Mgd6\" target=\"_blank\">47807 Krefeld<\/a><\/p>\n\n\n\n<p>Vertreten durch:<br>Inhaber: Leyla \u00d6zer<\/p>\n\n\n\n<p>Kontakt<\/p>\n\n\n\n<p>Telefon: <a href=\"tel::01601885353\">0160 188 53 53<\/a><br>E-Mail: <a href=\"mailto:info@koerperkunst-krefeld.de\">info@koerperkunst-krefeld.de<\/a><\/p>\n\n\n\n<p>Wir sind nicht bereit oder verpflichtet, an Streitbeilegungsverfahren vor einer Verbraucherschlichtungsstelle teilzunehmen.<\/p>\n\n\n\n<p>Haftung f\u00fcr Inhalte<\/p>\n\n\n\n<p>Als Diensteanbieter sind wir gem\u00e4\u00df \u00a7 7 Abs.1 TMG f\u00fcr eigene Inhalte auf diesen Seiten nach den allgemeinen Gesetzen verantwortlich. Nach \u00a7\u00a7 8 bis 10 TMG sind wir als Diensteanbieter jedoch nicht verpflichtet, \u00fcbermittelte oder gespeicherte fremde Informationen zu \u00fcberwachen oder nach Umst\u00e4nden zu forschen, die auf eine rechtswidrige T\u00e4tigkeit hinweisen.<\/p>\n\n\n\n<p>Verpflichtungen zur Entfernung oder Sperrung der Nutzung von Informationen nach den allgemeinen Gesetzen bleiben hiervon unber\u00fchrt. Eine diesbez\u00fcgliche Haftung ist jedoch erst ab dem Zeitpunkt der Kenntnis einer konkreten Rechtsverletzung m\u00f6glich. Bei Bekanntwerden von entsprechenden Rechtsverletzungen werden wir diese Inhalte umgehend entfernen.<\/p>\n\n\n\n<p>Haftung f\u00fcr Links<\/p>\n\n\n\n<p>Unser Angebot enth\u00e4lt Links zu externen Websites Dritter, auf deren Inhalte wir keinen Einfluss haben. Deshalb k\u00f6nnen wir f\u00fcr diese fremden Inhalte auch keine Gew\u00e4hr \u00fcbernehmen. F\u00fcr die Inhalte der verlinkten Seiten ist stets der jeweilige Anbieter oder Betreiber der Seiten verantwortlich. Die verlinkten Seiten wurden zum Zeitpunkt der Verlinkung auf m\u00f6gliche Rechtsverst\u00f6\u00dfe \u00fcberpr\u00fcft. Rechtswidrige Inhalte waren zum Zeitpunkt der Verlinkung nicht erkennbar.<\/p>\n\n\n\n<p>Eine permanente inhaltliche Kontrolle der verlinkten Seiten ist jedoch ohne konkrete Anhaltspunkte einer Rechtsverletzung nicht zumutbar. Bei Bekanntwerden von Rechtsverletzungen werden wir derartige Links umgehend entfernen.<\/p>\n\n\n\n<p>Urheberrecht<\/p>\n\n\n\n<p>Die durch die Seitenbetreiber erstellten Inhalte und Werke auf diesen Seiten unterliegen dem deutschen Urheberrecht. Die Vervielf\u00e4ltigung, Bearbeitung, Verbreitung und jede Art der Verwertung au\u00dferhalb der Grenzen des Urheberrechtes bed\u00fcrfen der schriftlichen Zustimmung des jeweiligen Autors bzw. Erstellers. Downloads und Kopien dieser Seite sind nur f\u00fcr den privaten, nicht kommerziellen Gebrauch gestattet.<\/p>\n\n\n\n<p>Soweit die Inhalte auf dieser Seite nicht vom Betreiber erstellt wurden, werden die Urheberrechte Dritter beachtet. Insbesondere werden Inhalte Dritter als solche gekennzeichnet. Sollten Sie trotzdem auf eine Urheberrechtsverletzung aufmerksam werden, bitten wir um einen entsprechenden Hinweis. Bei Bekanntwerden von Rechtsverletzungen werden wir derartige Inhalte umgehend entfernen.<\/p>\n\n\n\n<p>Quelle: e-recht24.de<\/p>\n\n\n\n<p><\/p>","protected":false},"excerpt":{"rendered":"<p>Angaben gem\u00e4\u00df \u00a7 5 TMGK\u00f6rperkunst KrefeldK\u00f6lner Str. 60547807 Krefeld Vertreten durch:Inhaber: Leyla \u00d6zer Kontakt Telefon: 0160 188 53 53E-Mail: info@koerperkunst-krefeld.de Wir sind nicht bereit oder verpflichtet, an Streitbeilegungsverfahren vor einer Verbraucherschlichtungsstelle teilzunehmen. Haftung f\u00fcr Inhalte Als Diensteanbieter sind wir gem\u00e4\u00df \u00a7 7 Abs.1 TMG f\u00fcr eigene Inhalte auf diesen Seiten nach den allgemeinen Gesetzen verantwortlich&#8230;.<\/p>","protected":false},"author":2,"featured_media":0,"parent":0,"menu_order":0,"comment_status":"closed","ping_status":"closed","template":"","meta":{"footnotes":""},"class_list":["post-5992","page","type-page","status-publish","hentry","page--item"],"yoast_head":"<!-- This site is optimized with the Yoast SEO plugin v26.5 - https:\/\/yoast.com\/wordpress\/plugins\/seo\/ -->\n<title>Impressum - K\u00f6rperkunst Krefeld<\/title>\n<meta name=\"description\" content=\"Willkommen im Massagestudio &quot;K\u00f6rperkunst&quot;! Bei uns steht die k\u00fcnstlerische Freiheit beim Massieren imMittelpunkt. Wir glauben daran, dass jede Massage eine einzigartigeKunstform ist, bei der der Masseur seine F\u00e4higkeiten und Kreativit\u00e4teinsetzen kann, um ein unvergessliches Erlebnis zu schaffen.\" \/>\n<meta name=\"robots\" content=\"index, follow, max-snippet:-1, max-image-preview:large, max-video-preview:-1\" \/>\n<link rel=\"canonical\" href=\"https:\/\/koerperkunst-krefeld.de\/en\/impressum\/\" \/>\n<meta property=\"og:locale\" content=\"en_US\" \/>\n<meta property=\"og:type\" content=\"article\" \/>\n<meta property=\"og:title\" content=\"Impressum - K\u00f6rperkunst Krefeld\" \/>\n<meta property=\"og:description\" content=\"Willkommen im Massagestudio &quot;K\u00f6rperkunst&quot;! Bei uns steht die k\u00fcnstlerische Freiheit beim Massieren imMittelpunkt. Wir glauben daran, dass jede Massage eine einzigartigeKunstform ist, bei der der Masseur seine F\u00e4higkeiten und Kreativit\u00e4teinsetzen kann, um ein unvergessliches Erlebnis zu schaffen.\" \/>\n<meta property=\"og:url\" content=\"https:\/\/koerperkunst-krefeld.de\/en\/impressum\/\" \/>\n<meta property=\"og:site_name\" content=\"K\u00f6rperkunst Krefeld\" \/>\n<meta property=\"article:publisher\" content=\"https:\/\/www.facebook.com\/koerperkunstkrefeld\" \/>\n<meta property=\"article:modified_time\" content=\"2026-02-01T15:56:29+00:00\" \/>\n<meta name=\"twitter:card\" content=\"summary_large_image\" \/>\n<meta name=\"twitter:label1\" content=\"Est. reading time\" \/>\n\t<meta name=\"twitter:data1\" content=\"2 minutes\" \/>\n<script type=\"application\/ld+json\" class=\"yoast-schema-graph\">{\"@context\":\"https:\/\/schema.org\",\"@graph\":[{\"@type\":\"WebPage\",\"@id\":\"https:\/\/koerperkunst-krefeld.de\/impressum\",\"url\":\"https:\/\/koerperkunst-krefeld.de\/impressum\",\"name\":\"Impressum - K\u00f6rperkunst Krefeld\",\"isPartOf\":{\"@id\":\"https:\/\/koerperkunst-krefeld.de\/#website\"},\"datePublished\":\"2023-10-01T13:21:35+00:00\",\"dateModified\":\"2026-02-01T15:56:29+00:00\",\"description\":\"Willkommen im Massagestudio \\\"K\u00f6rperkunst\\\"! Bei uns steht die k\u00fcnstlerische Freiheit beim Massieren imMittelpunkt. Wir glauben daran, dass jede Massage eine einzigartigeKunstform ist, bei der der Masseur seine F\u00e4higkeiten und Kreativit\u00e4teinsetzen kann, um ein unvergessliches Erlebnis zu schaffen.\",\"breadcrumb\":{\"@id\":\"https:\/\/koerperkunst-krefeld.de\/impressum#breadcrumb\"},\"inLanguage\":\"en-US\",\"potentialAction\":[{\"@type\":\"ReadAction\",\"target\":[\"https:\/\/koerperkunst-krefeld.de\/impressum\"]}]},{\"@type\":\"BreadcrumbList\",\"@id\":\"https:\/\/koerperkunst-krefeld.de\/impressum#breadcrumb\",\"itemListElement\":[{\"@type\":\"ListItem\",\"position\":1,\"name\":\"Startseite\",\"item\":\"https:\/\/koerperkunst-krefeld.de\/\"},{\"@type\":\"ListItem\",\"position\":2,\"name\":\"Impressum\"}]},{\"@type\":\"WebSite\",\"@id\":\"https:\/\/koerperkunst-krefeld.de\/#website\",\"url\":\"https:\/\/koerperkunst-krefeld.de\/\",\"name\":\"k\u00f6rperkunst Massage & Wellness\",\"description\":\"Massage &amp; Wellness\",\"publisher\":{\"@id\":\"https:\/\/koerperkunst-krefeld.de\/#organization\"},\"potentialAction\":[{\"@type\":\"SearchAction\",\"target\":{\"@type\":\"EntryPoint\",\"urlTemplate\":\"https:\/\/koerperkunst-krefeld.de\/?s={search_term_string}\"},\"query-input\":{\"@type\":\"PropertyValueSpecification\",\"valueRequired\":true,\"valueName\":\"search_term_string\"}}],\"inLanguage\":\"en-US\"},{\"@type\":\"Organization\",\"@id\":\"https:\/\/koerperkunst-krefeld.de\/#organization\",\"name\":\"k\u00f6rperkunst Massage & Wellness\",\"url\":\"https:\/\/koerperkunst-krefeld.de\/\",\"logo\":{\"@type\":\"ImageObject\",\"inLanguage\":\"en-US\",\"@id\":\"https:\/\/koerperkunst-krefeld.de\/#\/schema\/logo\/image\/\",\"url\":\"https:\/\/koerperkunst-krefeld.de\/wp-content\/uploads\/2023\/10\/koerperkunst-krefeld-logo-gruen.jpg\",\"contentUrl\":\"https:\/\/koerperkunst-krefeld.de\/wp-content\/uploads\/2023\/10\/koerperkunst-krefeld-logo-gruen.jpg\",\"width\":512,\"height\":518,\"caption\":\"k\u00f6rperkunst Massage & Wellness\"},\"image\":{\"@id\":\"https:\/\/koerperkunst-krefeld.de\/#\/schema\/logo\/image\/\"},\"sameAs\":[\"https:\/\/www.facebook.com\/koerperkunstkrefeld\",\"https:\/\/www.instagram.com\/koerperkunst_krefeld.de\/\"]}]}<\/script>\n<!-- \/ Yoast SEO plugin. -->","yoast_head_json":{"title":"Impressum - K\u00f6rperkunst Krefeld","description":"Willkommen im Massagestudio \"K\u00f6rperkunst\"! Bei uns steht die k\u00fcnstlerische Freiheit beim Massieren imMittelpunkt. Wir glauben daran, dass jede Massage eine einzigartigeKunstform ist, bei der der Masseur seine F\u00e4higkeiten und Kreativit\u00e4teinsetzen kann, um ein unvergessliches Erlebnis zu schaffen.","robots":{"index":"index","follow":"follow","max-snippet":"max-snippet:-1","max-image-preview":"max-image-preview:large","max-video-preview":"max-video-preview:-1"},"canonical":"https:\/\/koerperkunst-krefeld.de\/en\/impressum\/","og_locale":"en_US","og_type":"article","og_title":"Impressum - K\u00f6rperkunst Krefeld","og_description":"Willkommen im Massagestudio \"K\u00f6rperkunst\"! Bei uns steht die k\u00fcnstlerische Freiheit beim Massieren imMittelpunkt. Wir glauben daran, dass jede Massage eine einzigartigeKunstform ist, bei der der Masseur seine F\u00e4higkeiten und Kreativit\u00e4teinsetzen kann, um ein unvergessliches Erlebnis zu schaffen.","og_url":"https:\/\/koerperkunst-krefeld.de\/en\/impressum\/","og_site_name":"K\u00f6rperkunst Krefeld","article_publisher":"https:\/\/www.facebook.com\/koerperkunstkrefeld","article_modified_time":"2026-02-01T15:56:29+00:00","twitter_card":"summary_large_image","twitter_misc":{"Est. reading time":"2 minutes"},"schema":{"@context":"https:\/\/schema.org","@graph":[{"@type":"WebPage","@id":"https:\/\/koerperkunst-krefeld.de\/impressum","url":"https:\/\/koerperkunst-krefeld.de\/impressum","name":"Impressum - K\u00f6rperkunst Krefeld","isPartOf":{"@id":"https:\/\/koerperkunst-krefeld.de\/#website"},"datePublished":"2023-10-01T13:21:35+00:00","dateModified":"2026-02-01T15:56:29+00:00","description":"Willkommen im Massagestudio \"K\u00f6rperkunst\"! Bei uns steht die k\u00fcnstlerische Freiheit beim Massieren imMittelpunkt. Wir glauben daran, dass jede Massage eine einzigartigeKunstform ist, bei der der Masseur seine F\u00e4higkeiten und Kreativit\u00e4teinsetzen kann, um ein unvergessliches Erlebnis zu schaffen.","breadcrumb":{"@id":"https:\/\/koerperkunst-krefeld.de\/impressum#breadcrumb"},"inLanguage":"en-US","potentialAction":[{"@type":"ReadAction","target":["https:\/\/koerperkunst-krefeld.de\/impressum"]}]},{"@type":"BreadcrumbList","@id":"https:\/\/koerperkunst-krefeld.de\/impressum#breadcrumb","itemListElement":[{"@type":"ListItem","position":1,"name":"Startseite","item":"https:\/\/koerperkunst-krefeld.de\/"},{"@type":"ListItem","position":2,"name":"Impressum"}]},{"@type":"WebSite","@id":"https:\/\/koerperkunst-krefeld.de\/#website","url":"https:\/\/koerperkunst-krefeld.de\/","name":"k\u00f6rperkunst Massage & Wellness","description":"Massage &amp; Wellness","publisher":{"@id":"https:\/\/koerperkunst-krefeld.de\/#organization"},"potentialAction":[{"@type":"SearchAction","target":{"@type":"EntryPoint","urlTemplate":"https:\/\/koerperkunst-krefeld.de\/?s={search_term_string}"},"query-input":{"@type":"PropertyValueSpecification","valueRequired":true,"valueName":"search_term_string"}}],"inLanguage":"en-US"},{"@type":"Organization","@id":"https:\/\/koerperkunst-krefeld.de\/#organization","name":"k\u00f6rperkunst Massage & Wellness","url":"https:\/\/koerperkunst-krefeld.de\/","logo":{"@type":"ImageObject","inLanguage":"en-US","@id":"https:\/\/koerperkunst-krefeld.de\/#\/schema\/logo\/image\/","url":"https:\/\/koerperkunst-krefeld.de\/wp-content\/uploads\/2023\/10\/koerperkunst-krefeld-logo-gruen.jpg","contentUrl":"https:\/\/koerperkunst-krefeld.de\/wp-content\/uploads\/2023\/10\/koerperkunst-krefeld-logo-gruen.jpg","width":512,"height":518,"caption":"k\u00f6rperkunst Massage & Wellness"},"image":{"@id":"https:\/\/koerperkunst-krefeld.de\/#\/schema\/logo\/image\/"},"sameAs":["https:\/\/www.facebook.com\/koerperkunstkrefeld","https:\/\/www.instagram.com\/koerperkunst_krefeld.de\/"]}]}},"_links":{"self":[{"href":"https:\/\/koerperkunst-krefeld.de\/en\/wp-json\/wp\/v2\/pages\/5992","targetHints":{"allow":["GET"]}}],"collection":[{"href":"https:\/\/koerperkunst-krefeld.de\/en\/wp-json\/wp\/v2\/pages"}],"about":[{"href":"https:\/\/koerperkunst-krefeld.de\/en\/wp-json\/wp\/v2\/types\/page"}],"author":[{"embeddable":true,"href":"https:\/\/koerperkunst-krefeld.de\/en\/wp-json\/wp\/v2\/users\/2"}],"replies":[{"embeddable":true,"href":"https:\/\/koerperkunst-krefeld.de\/en\/wp-json\/wp\/v2\/comments?post=5992"}],"version-history":[{"count":3,"href":"https:\/\/koerperkunst-krefeld.de\/en\/wp-json\/wp\/v2\/pages\/5992\/revisions"}],"predecessor-version":[{"id":7537,"href":"https:\/\/koerperkunst-krefeld.de\/en\/wp-json\/wp\/v2\/pages\/5992\/revisions\/7537"}],"wp:attachment":[{"href":"https:\/\/koerperkunst-krefeld.de\/en\/wp-json\/wp\/v2\/media?parent=5992"}],"curies":[{"name":"wp","href":"https:\/\/api.w.org\/{rel}","templated":true}]}}