{"id":2788,"date":"2023-04-04T12:24:31","date_gmt":"2023-04-04T10:24:31","guid":{"rendered":"https:\/\/wordpress.vecurosoft.com\/wellnez\/?page_id=2788"},"modified":"2023-10-23T23:51:58","modified_gmt":"2023-10-23T21:51:58","slug":"termin-buchen","status":"publish","type":"page","link":"https:\/\/koerperkunst-krefeld.de\/en\/termin-buchen","title":{"rendered":"Termin buchen"},"content":{"rendered":"<div data-elementor-type=\"wp-page\" data-elementor-id=\"2788\" class=\"elementor elementor-2788\">\n\t\t\t\t\t\t<section class=\"elementor-section elementor-top-section elementor-element elementor-element-9b52be7 elementor-section-full_width bg-light-3 elementor-section-stretched elementor-section-height-default elementor-section-height-default\" data-id=\"9b52be7\" data-element_type=\"section\" data-settings=\"{&quot;stretch_section&quot;:&quot;section-stretched&quot;}\">\n\t\t\t\t\t\t<div class=\"elementor-container elementor-column-gap-no\">\n\t\t\t\t\t<div class=\"elementor-column elementor-col-100 elementor-top-column elementor-element elementor-element-e7a7d34\" data-id=\"e7a7d34\" data-element_type=\"column\">\n\t\t\t<div class=\"elementor-widget-wrap elementor-element-populated\">\n\t\t\t\t\t\t<section class=\"elementor-section elementor-inner-section elementor-element elementor-element-37a0bc9 elementor-section-boxed elementor-section-height-default elementor-section-height-default\" data-id=\"37a0bc9\" data-element_type=\"section\">\n\t\t\t\t\t\t<div class=\"elementor-container elementor-column-gap-no\">\n\t\t\t\t\t<div class=\"elementor-column elementor-col-50 elementor-inner-column elementor-element elementor-element-6ed6d77\" data-id=\"6ed6d77\" data-element_type=\"column\">\n\t\t\t<div class=\"elementor-widget-wrap elementor-element-populated\">\n\t\t\t\t\t\t<div class=\"elementor-element elementor-element-5f30700 elementor-widget elementor-widget-shortcode\" data-id=\"5f30700\" data-element_type=\"widget\" data-widget_type=\"shortcode.default\">\n\t\t\t\t<div class=\"elementor-widget-container\">\n\t\t\t\t\t\t\t<div class=\"elementor-shortcode\">\n<div class=\"wpcf7 no-js\" id=\"wpcf7-f1421-o1\" lang=\"en-US\" dir=\"ltr\" data-wpcf7-id=\"1421\">\n<div class=\"screen-reader-response\"><p role=\"status\" aria-live=\"polite\" aria-atomic=\"true\"><\/p> <ul><\/ul><\/div>\n<form action=\"\/en\/wp-json\/wp\/v2\/pages\/2788#wpcf7-f1421-o1\" method=\"post\" class=\"wpcf7-form init\" aria-label=\"Contact form\" novalidate=\"novalidate\" data-status=\"init\" data-trp-original-action=\"\/en\/wp-json\/wp\/v2\/pages\/2788#wpcf7-f1421-o1\">\n<fieldset class=\"hidden-fields-container\"><input type=\"hidden\" name=\"_wpcf7\" value=\"1421\" \/><input type=\"hidden\" name=\"_wpcf7_version\" value=\"6.1.4\" \/><input type=\"hidden\" name=\"_wpcf7_locale\" value=\"en_US\" \/><input type=\"hidden\" name=\"_wpcf7_unit_tag\" value=\"wpcf7-f1421-o1\" \/><input type=\"hidden\" name=\"_wpcf7_container_post\" value=\"0\" \/><input type=\"hidden\" name=\"_wpcf7_posted_data_hash\" value=\"\" \/>\n<\/fieldset>\n<div class=\"form-style2\">\n    <h2 class=\"form-title\">Termin anfragen<\/h2>\n    <p class=\"form-label\">Auch eine Auszeit muss geplant sein!<\/p>\n    <div class=\"form-group\">\n        <span class=\"wpcf7-form-control-wrap\" data-name=\"text-866\"><input size=\"40\" maxlength=\"400\" class=\"wpcf7-form-control wpcf7-text wpcf7-validates-as-required\" id=\"service\" aria-required=\"true\" aria-invalid=\"false\" placeholder=\"Leistung?*\" value=\"\" type=\"text\" name=\"text-866\" \/><\/span>\n    <\/div>\n    <div class=\"form-group\">\n        <span class=\"wpcf7-form-control-wrap\" data-name=\"text-826\"><input size=\"40\" maxlength=\"400\" class=\"wpcf7-form-control wpcf7-text wpcf7-validates-as-required\" id=\"name\" aria-required=\"true\" aria-invalid=\"false\" placeholder=\"Name*\" value=\"\" type=\"text\" name=\"text-826\" \/><\/span>\n    <\/div>\n    <div class=\"form-group\">\n        <span class=\"wpcf7-form-control-wrap\" data-name=\"tel-135\"><input size=\"40\" maxlength=\"400\" class=\"wpcf7-form-control wpcf7-tel wpcf7-text wpcf7-validates-as-tel\" id=\"phone\" aria-invalid=\"false\" placeholder=\"Telefon\" value=\"\" type=\"tel\" name=\"tel-135\" \/><\/span>\n    <\/div>\n    <div class=\"form-group\">\n        <span class=\"wpcf7-form-control-wrap\" data-name=\"email-983\"><input size=\"40\" maxlength=\"400\" class=\"wpcf7-form-control wpcf7-email wpcf7-validates-as-required wpcf7-text wpcf7-validates-as-email\" id=\"email\" aria-required=\"true\" aria-invalid=\"false\" placeholder=\"E-Mail Adresse*\" value=\"\" type=\"email\" name=\"email-983\" \/><\/span>\n    <\/div>\n    <div class=\"form-group\">\n        <span class=\"wpcf7-form-control-wrap\" data-name=\"date-731\"><input class=\"wpcf7-form-control wpcf7-date wpcf7-validates-as-required wpcf7-validates-as-date\" id=\"date\" aria-required=\"true\" aria-invalid=\"false\" value=\"Wann?*\" type=\"date\" name=\"date-731\" \/><\/span>\n    <\/div>\n    <div class=\"form-group\">\n        <span class=\"wpcf7-form-control-wrap\" data-name=\"text-899\"><input size=\"40\" maxlength=\"400\" class=\"wpcf7-form-control wpcf7-text wpcf7-validates-as-required\" aria-required=\"true\" aria-invalid=\"false\" placeholder=\"Uhrzeit angeben*\" value=\"\" type=\"text\" name=\"text-899\" \/><\/span>\n    <\/div>\n    <div class=\"form-group\">\n        <button class=\"wpcf7-submit vs-btn\" type=\"submit\">Senden<\/button>\n    <\/div>\n<\/div><div class=\"wpcf7-response-output\" aria-hidden=\"true\"><\/div>\n<input type=\"hidden\" name=\"trp-form-language\" value=\"en\"\/><\/form>\n<\/div>\n<\/div>\n\t\t\t\t\t\t<\/div>\n\t\t\t\t<\/div>\n\t\t\t\t\t<\/div>\n\t\t<\/div>\n\t\t\t\t<div class=\"elementor-column elementor-col-50 elementor-inner-column elementor-element elementor-element-bb82b31\" data-id=\"bb82b31\" data-element_type=\"column\">\n\t\t\t<div class=\"elementor-widget-wrap elementor-element-populated\">\n\t\t\t\t\t\t<div class=\"elementor-element elementor-element-635d577 elementor-widget elementor-widget-heading\" data-id=\"635d577\" data-element_type=\"widget\" data-widget_type=\"heading.default\">\n\t\t\t\t<div class=\"elementor-widget-container\">\n\t\t\t\t\t<h2 class=\"elementor-heading-title elementor-size-default\">K\u00f6rperkunst - Massage &amp; Wellness<\/h2>\t\t\t\t<\/div>\n\t\t\t\t<\/div>\n\t\t\t\t<div class=\"elementor-element elementor-element-160702f elementor-widget elementor-widget-text-editor\" data-id=\"160702f\" data-element_type=\"widget\" data-widget_type=\"text-editor.default\">\n\t\t\t\t<div class=\"elementor-widget-container\">\n\t\t\t\t\t\t\t\t\t<p>Unser Team von hochqualifizierten und erfahrenen Masseuren verf\u00fcgt<br \/>\u00fcber ein breites Repertoire an Techniken und Stilen, die sie<br \/>beherrschen. Wir verstehen, dass jeder Kunde unterschiedliche<br \/>Bed\u00fcrfnisse und Vorlieben hat, daher legen wir gro\u00dfen Wert darauf,<br \/>jeden Kunden individuell zu behandeln.<\/p>\t\t\t\t\t\t\t\t<\/div>\n\t\t\t\t<\/div>\n\t\t\t\t<div class=\"elementor-element elementor-element-26b3987 elementor-widget__width-auto elementor-widget elementor-widget-text-editor\" data-id=\"26b3987\" data-element_type=\"widget\" data-widget_type=\"text-editor.default\">\n\t\t\t\t<div class=\"elementor-widget-container\">\n\t\t\t\t\t\t\t\t\t<p><a href=\"mailto:info@koerperkunst-krefeld.de\">info@koerperkunst-krefeld.de<\/a><\/p>\t\t\t\t\t\t\t\t<\/div>\n\t\t\t\t<\/div>\n\t\t\t\t<div class=\"elementor-element elementor-element-775faa4 elementor-widget__width-auto elementor-widget elementor-widget-text-editor\" data-id=\"775faa4\" data-element_type=\"widget\" data-widget_type=\"text-editor.default\">\n\t\t\t\t<div class=\"elementor-widget-container\">\n\t\t\t\t\t\t\t\t\t<p class=\"vs-info\"><i class=\"fal fa-phone-alt\"><\/i><a class=\"text-inherit\" href=\"tel::01601885353\">0160 188 53 53<\/a><\/p>\t\t\t\t\t\t\t\t<\/div>\n\t\t\t\t<\/div>\n\t\t\t\t<div class=\"elementor-element elementor-element-7a3ab8e elementor-widget elementor-widget-text-editor\" data-id=\"7a3ab8e\" data-element_type=\"widget\" data-widget_type=\"text-editor.default\">\n\t\t\t\t<div class=\"elementor-widget-container\">\n\t\t\t\t\t\t\t\t\t<p>\u00d6ffnungszeiten: Auf Terminanfrage<br \/>Montag &#8211; Freitag: 10 &#8211; 19 Uhr<br \/>Samstag: 10 &#8211; 18 Uhr<\/p>\t\t\t\t\t\t\t\t<\/div>\n\t\t\t\t<\/div>\n\t\t\t\t<section class=\"elementor-section elementor-inner-section elementor-element elementor-element-3652aff elementor-section-boxed elementor-section-height-default elementor-section-height-default\" data-id=\"3652aff\" data-element_type=\"section\">\n\t\t\t\t\t\t<div class=\"elementor-container elementor-column-gap-no\">\n\t\t\t\t\t<div class=\"elementor-column elementor-col-50 elementor-inner-column elementor-element elementor-element-9fbbdad\" data-id=\"9fbbdad\" data-element_type=\"column\">\n\t\t\t<div class=\"elementor-widget-wrap elementor-element-populated\">\n\t\t\t\t\t\t<div class=\"elementor-element elementor-element-bfec420 elementor-widget__width-auto elementor-widget-tablet__width-initial elementor-widget-mobile__width-inherit elementor-widget elementor-widget-image\" data-id=\"bfec420\" data-element_type=\"widget\" data-widget_type=\"image.default\">\n\t\t\t\t<div class=\"elementor-widget-container\">\n\t\t\t\t\t\t\t\t\t\t\t\t\t\t\t<img fetchpriority=\"high\" decoding=\"async\" width=\"405\" height=\"350\" src=\"https:\/\/koerperkunst-krefeld.de\/wp-content\/uploads\/2023\/03\/appoin-1-2.jpg\" class=\"attachment-large size-large wp-image-684\" alt=\"\" srcset=\"https:\/\/koerperkunst-krefeld.de\/wp-content\/uploads\/2023\/03\/appoin-1-2.jpg 405w, https:\/\/koerperkunst-krefeld.de\/wp-content\/uploads\/2023\/03\/appoin-1-2-300x259.jpg 300w\" sizes=\"(max-width: 405px) 100vw, 405px\" \/>\t\t\t\t\t\t\t\t\t\t\t\t\t\t\t<\/div>\n\t\t\t\t<\/div>\n\t\t\t\t\t<\/div>\n\t\t<\/div>\n\t\t\t\t<div class=\"elementor-column elementor-col-50 elementor-inner-column elementor-element elementor-element-0a961cd\" data-id=\"0a961cd\" data-element_type=\"column\">\n\t\t\t<div class=\"elementor-widget-wrap elementor-element-populated\">\n\t\t\t\t\t\t<div class=\"elementor-element elementor-element-3c70b23 elementor-widget__width-auto elementor-widget-tablet__width-initial elementor-widget-mobile__width-inherit elementor-widget elementor-widget-image\" data-id=\"3c70b23\" data-element_type=\"widget\" data-widget_type=\"image.default\">\n\t\t\t\t<div class=\"elementor-widget-container\">\n\t\t\t\t\t\t\t\t\t\t\t\t\t\t\t<img decoding=\"async\" width=\"280\" height=\"350\" src=\"https:\/\/koerperkunst-krefeld.de\/wp-content\/uploads\/2023\/03\/appoin-1-1.jpg\" class=\"attachment-large size-large wp-image-683\" alt=\"\" srcset=\"https:\/\/koerperkunst-krefeld.de\/wp-content\/uploads\/2023\/03\/appoin-1-1.jpg 280w, https:\/\/koerperkunst-krefeld.de\/wp-content\/uploads\/2023\/03\/appoin-1-1-240x300.jpg 240w\" sizes=\"(max-width: 280px) 100vw, 280px\" \/>\t\t\t\t\t\t\t\t\t\t\t\t\t\t\t<\/div>\n\t\t\t\t<\/div>\n\t\t\t\t\t<\/div>\n\t\t<\/div>\n\t\t\t\t\t<\/div>\n\t\t<\/section>\n\t\t\t\t\t<\/div>\n\t\t<\/div>\n\t\t\t\t\t<\/div>\n\t\t<\/section>\n\t\t\t\t<div class=\"elementor-element elementor-element-a10f14c elementor-hidden-tablet elementor-hidden-mobile elementor-widget elementor-widget-wellnezanimationimage\" data-id=\"a10f14c\" data-element_type=\"widget\" data-widget_type=\"wellnezanimationimage.default\">\n\t\t\t\t<div class=\"elementor-widget-container\">\n\t\t\t\t\t<div class=\"shape2 jump shape-mockup d-none d-xl-inline-block\"><img decoding=\"async\" src=\"https:\/\/koerperkunst-krefeld.de\/wp-content\/uploads\/2023\/03\/b-s-1-2.png\" alt=\"b s 1 2\"  \/><\/div>\t\t\t\t<\/div>\n\t\t\t\t<\/div>\n\t\t\t\t<div class=\"elementor-element elementor-element-1458699 elementor-hidden-tablet elementor-hidden-mobile elementor-widget elementor-widget-wellnezanimationimage\" data-id=\"1458699\" data-element_type=\"widget\" data-widget_type=\"wellnezanimationimage.default\">\n\t\t\t\t<div class=\"elementor-widget-container\">\n\t\t\t\t\t<div class=\"shape2 jump shape-mockup d-none d-xl-inline-block\"><img decoding=\"async\" src=\"https:\/\/koerperkunst-krefeld.de\/wp-content\/uploads\/2023\/03\/b-s-1-1.png\" alt=\"b s 1 1\"  \/><\/div>\t\t\t\t<\/div>\n\t\t\t\t<\/div>\n\t\t\t\t\t<\/div>\n\t\t<\/div>\n\t\t\t\t\t<\/div>\n\t\t<\/section>\n\t\t\t\t<\/div>","protected":false},"excerpt":{"rendered":"<p>K\u00f6rperkunst &#8211; Massage &#038; Wellness Unser Team von hochqualifizierten und erfahrenen Masseuren verf\u00fcgt\u00fcber ein breites Repertoire an Techniken und Stilen, die siebeherrschen. Wir verstehen, dass jeder Kunde unterschiedlicheBed\u00fcrfnisse und Vorlieben hat, daher legen wir gro\u00dfen Wert darauf,jeden Kunden individuell zu behandeln. info@koerperkunst-krefeld.de 0160 188 53 53 \u00d6ffnungszeiten: Auf TerminanfrageMontag &#8211; Freitag: 10 &#8211; 19 UhrSamstag:&#8230;<\/p>","protected":false},"author":2,"featured_media":0,"parent":0,"menu_order":0,"comment_status":"closed","ping_status":"closed","template":"template-builder.php","meta":{"footnotes":""},"class_list":["post-2788","page","type-page","status-publish","hentry"],"yoast_head":"<!-- This site is optimized with the Yoast SEO plugin v26.5 - https:\/\/yoast.com\/wordpress\/plugins\/seo\/ -->\n<title>Termin buchen - K\u00f6rperkunst Krefeld<\/title>\n<meta name=\"description\" content=\"Willkommen im Massagestudio &quot;K\u00f6rperkunst&quot;! Bei uns steht die k\u00fcnstlerische Freiheit beim Massieren imMittelpunkt. Wir glauben daran, dass jede Massage eine einzigartigeKunstform ist, bei der der Masseur seine F\u00e4higkeiten und Kreativit\u00e4teinsetzen kann, um ein unvergessliches Erlebnis zu schaffen.\" \/>\n<meta name=\"robots\" content=\"index, follow, max-snippet:-1, max-image-preview:large, max-video-preview:-1\" \/>\n<link rel=\"canonical\" href=\"https:\/\/koerperkunst-krefeld.de\/en\/termin-buchen\/\" \/>\n<meta property=\"og:locale\" content=\"en_US\" \/>\n<meta property=\"og:type\" content=\"article\" \/>\n<meta property=\"og:title\" content=\"Termin buchen - K\u00f6rperkunst Krefeld\" \/>\n<meta property=\"og:description\" content=\"Willkommen im Massagestudio &quot;K\u00f6rperkunst&quot;! Bei uns steht die k\u00fcnstlerische Freiheit beim Massieren imMittelpunkt. Wir glauben daran, dass jede Massage eine einzigartigeKunstform ist, bei der der Masseur seine F\u00e4higkeiten und Kreativit\u00e4teinsetzen kann, um ein unvergessliches Erlebnis zu schaffen.\" \/>\n<meta property=\"og:url\" content=\"https:\/\/koerperkunst-krefeld.de\/en\/termin-buchen\/\" \/>\n<meta property=\"og:site_name\" content=\"K\u00f6rperkunst Krefeld\" \/>\n<meta property=\"article:publisher\" content=\"https:\/\/www.facebook.com\/koerperkunstkrefeld\" \/>\n<meta property=\"article:modified_time\" content=\"2023-10-23T21:51:58+00:00\" \/>\n<meta property=\"og:image\" content=\"https:\/\/koerperkunst-krefeld.de\/wp-content\/uploads\/2023\/03\/appoin-1-2.jpg\" \/>\n<meta name=\"twitter:card\" content=\"summary_large_image\" \/>\n<meta name=\"twitter:label1\" content=\"Est. reading time\" \/>\n\t<meta name=\"twitter:data1\" content=\"2 minutes\" \/>\n<script type=\"application\/ld+json\" class=\"yoast-schema-graph\">{\"@context\":\"https:\/\/schema.org\",\"@graph\":[{\"@type\":\"WebPage\",\"@id\":\"https:\/\/koerperkunst-krefeld.de\/termin-buchen\",\"url\":\"https:\/\/koerperkunst-krefeld.de\/termin-buchen\",\"name\":\"Termin buchen - K\u00f6rperkunst Krefeld\",\"isPartOf\":{\"@id\":\"https:\/\/koerperkunst-krefeld.de\/#website\"},\"primaryImageOfPage\":{\"@id\":\"https:\/\/koerperkunst-krefeld.de\/termin-buchen#primaryimage\"},\"image\":{\"@id\":\"https:\/\/koerperkunst-krefeld.de\/termin-buchen#primaryimage\"},\"thumbnailUrl\":\"https:\/\/koerperkunst-krefeld.de\/wp-content\/uploads\/2023\/03\/appoin-1-2.jpg\",\"datePublished\":\"2023-04-04T10:24:31+00:00\",\"dateModified\":\"2023-10-23T21:51:58+00:00\",\"description\":\"Willkommen im Massagestudio \\\"K\u00f6rperkunst\\\"! Bei uns steht die k\u00fcnstlerische Freiheit beim Massieren imMittelpunkt. Wir glauben daran, dass jede Massage eine einzigartigeKunstform ist, bei der der Masseur seine F\u00e4higkeiten und Kreativit\u00e4teinsetzen kann, um ein unvergessliches Erlebnis zu schaffen.\",\"breadcrumb\":{\"@id\":\"https:\/\/koerperkunst-krefeld.de\/termin-buchen#breadcrumb\"},\"inLanguage\":\"en-US\",\"potentialAction\":[{\"@type\":\"ReadAction\",\"target\":[\"https:\/\/koerperkunst-krefeld.de\/termin-buchen\"]}]},{\"@type\":\"ImageObject\",\"inLanguage\":\"en-US\",\"@id\":\"https:\/\/koerperkunst-krefeld.de\/termin-buchen#primaryimage\",\"url\":\"https:\/\/koerperkunst-krefeld.de\/wp-content\/uploads\/2023\/03\/appoin-1-2.jpg\",\"contentUrl\":\"https:\/\/koerperkunst-krefeld.de\/wp-content\/uploads\/2023\/03\/appoin-1-2.jpg\"},{\"@type\":\"BreadcrumbList\",\"@id\":\"https:\/\/koerperkunst-krefeld.de\/termin-buchen#breadcrumb\",\"itemListElement\":[{\"@type\":\"ListItem\",\"position\":1,\"name\":\"Startseite\",\"item\":\"https:\/\/koerperkunst-krefeld.de\/\"},{\"@type\":\"ListItem\",\"position\":2,\"name\":\"Termin buchen\"}]},{\"@type\":\"WebSite\",\"@id\":\"https:\/\/koerperkunst-krefeld.de\/#website\",\"url\":\"https:\/\/koerperkunst-krefeld.de\/\",\"name\":\"k\u00f6rperkunst Massage & Wellness\",\"description\":\"Massage &amp; Wellness\",\"publisher\":{\"@id\":\"https:\/\/koerperkunst-krefeld.de\/#organization\"},\"potentialAction\":[{\"@type\":\"SearchAction\",\"target\":{\"@type\":\"EntryPoint\",\"urlTemplate\":\"https:\/\/koerperkunst-krefeld.de\/?s={search_term_string}\"},\"query-input\":{\"@type\":\"PropertyValueSpecification\",\"valueRequired\":true,\"valueName\":\"search_term_string\"}}],\"inLanguage\":\"en-US\"},{\"@type\":\"Organization\",\"@id\":\"https:\/\/koerperkunst-krefeld.de\/#organization\",\"name\":\"k\u00f6rperkunst Massage & Wellness\",\"url\":\"https:\/\/koerperkunst-krefeld.de\/\",\"logo\":{\"@type\":\"ImageObject\",\"inLanguage\":\"en-US\",\"@id\":\"https:\/\/koerperkunst-krefeld.de\/#\/schema\/logo\/image\/\",\"url\":\"https:\/\/koerperkunst-krefeld.de\/wp-content\/uploads\/2023\/10\/koerperkunst-krefeld-logo-gruen.jpg\",\"contentUrl\":\"https:\/\/koerperkunst-krefeld.de\/wp-content\/uploads\/2023\/10\/koerperkunst-krefeld-logo-gruen.jpg\",\"width\":512,\"height\":518,\"caption\":\"k\u00f6rperkunst Massage & Wellness\"},\"image\":{\"@id\":\"https:\/\/koerperkunst-krefeld.de\/#\/schema\/logo\/image\/\"},\"sameAs\":[\"https:\/\/www.facebook.com\/koerperkunstkrefeld\",\"https:\/\/www.instagram.com\/koerperkunst_krefeld.de\/\"]}]}<\/script>\n<!-- \/ Yoast SEO plugin. -->","yoast_head_json":{"title":"Termin buchen - K\u00f6rperkunst Krefeld","description":"Willkommen im Massagestudio \"K\u00f6rperkunst\"! Bei uns steht die k\u00fcnstlerische Freiheit beim Massieren imMittelpunkt. Wir glauben daran, dass jede Massage eine einzigartigeKunstform ist, bei der der Masseur seine F\u00e4higkeiten und Kreativit\u00e4teinsetzen kann, um ein unvergessliches Erlebnis zu schaffen.","robots":{"index":"index","follow":"follow","max-snippet":"max-snippet:-1","max-image-preview":"max-image-preview:large","max-video-preview":"max-video-preview:-1"},"canonical":"https:\/\/koerperkunst-krefeld.de\/en\/termin-buchen\/","og_locale":"en_US","og_type":"article","og_title":"Termin buchen - K\u00f6rperkunst Krefeld","og_description":"Willkommen im Massagestudio \"K\u00f6rperkunst\"! Bei uns steht die k\u00fcnstlerische Freiheit beim Massieren imMittelpunkt. Wir glauben daran, dass jede Massage eine einzigartigeKunstform ist, bei der der Masseur seine F\u00e4higkeiten und Kreativit\u00e4teinsetzen kann, um ein unvergessliches Erlebnis zu schaffen.","og_url":"https:\/\/koerperkunst-krefeld.de\/en\/termin-buchen\/","og_site_name":"K\u00f6rperkunst Krefeld","article_publisher":"https:\/\/www.facebook.com\/koerperkunstkrefeld","article_modified_time":"2023-10-23T21:51:58+00:00","og_image":[{"url":"https:\/\/koerperkunst-krefeld.de\/wp-content\/uploads\/2023\/03\/appoin-1-2.jpg","type":"","width":"","height":""}],"twitter_card":"summary_large_image","twitter_misc":{"Est. reading time":"2 minutes"},"schema":{"@context":"https:\/\/schema.org","@graph":[{"@type":"WebPage","@id":"https:\/\/koerperkunst-krefeld.de\/termin-buchen","url":"https:\/\/koerperkunst-krefeld.de\/termin-buchen","name":"Termin buchen - K\u00f6rperkunst Krefeld","isPartOf":{"@id":"https:\/\/koerperkunst-krefeld.de\/#website"},"primaryImageOfPage":{"@id":"https:\/\/koerperkunst-krefeld.de\/termin-buchen#primaryimage"},"image":{"@id":"https:\/\/koerperkunst-krefeld.de\/termin-buchen#primaryimage"},"thumbnailUrl":"https:\/\/koerperkunst-krefeld.de\/wp-content\/uploads\/2023\/03\/appoin-1-2.jpg","datePublished":"2023-04-04T10:24:31+00:00","dateModified":"2023-10-23T21:51:58+00:00","description":"Willkommen im Massagestudio \"K\u00f6rperkunst\"! Bei uns steht die k\u00fcnstlerische Freiheit beim Massieren imMittelpunkt. Wir glauben daran, dass jede Massage eine einzigartigeKunstform ist, bei der der Masseur seine F\u00e4higkeiten und Kreativit\u00e4teinsetzen kann, um ein unvergessliches Erlebnis zu schaffen.","breadcrumb":{"@id":"https:\/\/koerperkunst-krefeld.de\/termin-buchen#breadcrumb"},"inLanguage":"en-US","potentialAction":[{"@type":"ReadAction","target":["https:\/\/koerperkunst-krefeld.de\/termin-buchen"]}]},{"@type":"ImageObject","inLanguage":"en-US","@id":"https:\/\/koerperkunst-krefeld.de\/termin-buchen#primaryimage","url":"https:\/\/koerperkunst-krefeld.de\/wp-content\/uploads\/2023\/03\/appoin-1-2.jpg","contentUrl":"https:\/\/koerperkunst-krefeld.de\/wp-content\/uploads\/2023\/03\/appoin-1-2.jpg"},{"@type":"BreadcrumbList","@id":"https:\/\/koerperkunst-krefeld.de\/termin-buchen#breadcrumb","itemListElement":[{"@type":"ListItem","position":1,"name":"Startseite","item":"https:\/\/koerperkunst-krefeld.de\/"},{"@type":"ListItem","position":2,"name":"Termin buchen"}]},{"@type":"WebSite","@id":"https:\/\/koerperkunst-krefeld.de\/#website","url":"https:\/\/koerperkunst-krefeld.de\/","name":"k\u00f6rperkunst Massage & Wellness","description":"Massage &amp; Wellness","publisher":{"@id":"https:\/\/koerperkunst-krefeld.de\/#organization"},"potentialAction":[{"@type":"SearchAction","target":{"@type":"EntryPoint","urlTemplate":"https:\/\/koerperkunst-krefeld.de\/?s={search_term_string}"},"query-input":{"@type":"PropertyValueSpecification","valueRequired":true,"valueName":"search_term_string"}}],"inLanguage":"en-US"},{"@type":"Organization","@id":"https:\/\/koerperkunst-krefeld.de\/#organization","name":"k\u00f6rperkunst Massage & Wellness","url":"https:\/\/koerperkunst-krefeld.de\/","logo":{"@type":"ImageObject","inLanguage":"en-US","@id":"https:\/\/koerperkunst-krefeld.de\/#\/schema\/logo\/image\/","url":"https:\/\/koerperkunst-krefeld.de\/wp-content\/uploads\/2023\/10\/koerperkunst-krefeld-logo-gruen.jpg","contentUrl":"https:\/\/koerperkunst-krefeld.de\/wp-content\/uploads\/2023\/10\/koerperkunst-krefeld-logo-gruen.jpg","width":512,"height":518,"caption":"k\u00f6rperkunst Massage & Wellness"},"image":{"@id":"https:\/\/koerperkunst-krefeld.de\/#\/schema\/logo\/image\/"},"sameAs":["https:\/\/www.facebook.com\/koerperkunstkrefeld","https:\/\/www.instagram.com\/koerperkunst_krefeld.de\/"]}]}},"_links":{"self":[{"href":"https:\/\/koerperkunst-krefeld.de\/en\/wp-json\/wp\/v2\/pages\/2788","targetHints":{"allow":["GET"]}}],"collection":[{"href":"https:\/\/koerperkunst-krefeld.de\/en\/wp-json\/wp\/v2\/pages"}],"about":[{"href":"https:\/\/koerperkunst-krefeld.de\/en\/wp-json\/wp\/v2\/types\/page"}],"author":[{"embeddable":true,"href":"https:\/\/koerperkunst-krefeld.de\/en\/wp-json\/wp\/v2\/users\/2"}],"replies":[{"embeddable":true,"href":"https:\/\/koerperkunst-krefeld.de\/en\/wp-json\/wp\/v2\/comments?post=2788"}],"version-history":[{"count":23,"href":"https:\/\/koerperkunst-krefeld.de\/en\/wp-json\/wp\/v2\/pages\/2788\/revisions"}],"predecessor-version":[{"id":6438,"href":"https:\/\/koerperkunst-krefeld.de\/en\/wp-json\/wp\/v2\/pages\/2788\/revisions\/6438"}],"wp:attachment":[{"href":"https:\/\/koerperkunst-krefeld.de\/en\/wp-json\/wp\/v2\/media?parent=2788"}],"curies":[{"name":"wp","href":"https:\/\/api.w.org\/{rel}","templated":true}]}}